{"id":1643,"date":"2023-11-10T18:56:06","date_gmt":"2023-11-10T17:56:06","guid":{"rendered":"https:\/\/lafrenchzone.com\/legal-notice\/"},"modified":"2023-11-23T01:45:04","modified_gmt":"2023-11-23T00:45:04","slug":"legal-notice","status":"publish","type":"page","link":"https:\/\/lafrenchzone.com\/en\/legal-notice\/","title":{"rendered":"Legal notice"},"content":{"rendered":"\t\t<div data-elementor-type=\"wp-page\" data-elementor-id=\"1643\" class=\"elementor elementor-1643 elementor-3\" data-elementor-post-type=\"page\">\n\t\t\t\t<div class=\"elementor-element elementor-element-b1041f0 e-flex e-con-boxed e-con e-parent\" data-id=\"b1041f0\" data-element_type=\"container\" data-e-type=\"container\" data-settings=\"{&quot;background_background&quot;:&quot;classic&quot;}\">\n\t\t\t\t\t<div class=\"e-con-inner\">\n\t\t\t\t<div class=\"elementor-element elementor-element-3127aba elementor-widget elementor-widget-heading\" data-id=\"3127aba\" data-element_type=\"widget\" data-e-type=\"widget\" data-widget_type=\"heading.default\">\n\t\t\t\t\t<h1 class=\"elementor-heading-title elementor-size-default\">Legal notice<\/h1>\t\t\t\t<\/div>\n\t\t\t\t<div class=\"elementor-element elementor-element-77f275d elementor-widget elementor-widget-text-editor\" data-id=\"77f275d\" data-element_type=\"widget\" data-e-type=\"widget\" data-widget_type=\"text-editor.default\">\n\t\t\t\t\t\t\t\t\t<p>In accordance with the provisions of Law No. 2004-575 of June 21, 2004, concerning confidence in the digital economy, users of the La French Zone website are informed of the identity of the various parties involved in its creation and monitoring.<\/p>\n<p><b>Site editing&nbsp;<\/b><\/p>\n<p>This site, accessible at the URL&nbsp;<a href=\"http:\/\/www.lafrenchzone.fr\/\" target=\"_blank\" rel=\"noopener\" data-auto-recognition=\"true\">www.lafrenchzone.fr<\/a>&nbsp;(the &#8220;Site&#8221;), is published by :<\/p>\n<p>Daria Malard\u00e9, residing at 13 All\u00e9e du Coteau 56530 Qu\u00e9ven, of Franco-Polish (France-Poland) nationality, born on 27\/07\/1991.&nbsp;<\/p>\n<p><b>Hosting<\/b><\/p>\n<p>The Site is hosted by&nbsp;<a href=\"https:\/\/www.hostg.xyz\/SH9nC?file_id=1361\" target=\"_blank\" rel=\"noopener\">Hostinger<\/a>, whose head office<br>is located at HOSTINGER INTERNATIONAL LTD, 61 Lordou Vironos Street, 6023 Larnaca, Cyprus.<\/p>\n<p><b>Publishing Director&nbsp;<\/b><\/p>\n<p>The Site&#8217;s Publishing Director is Daria Malard\u00e9.<\/p>\n<p><b>Contact us&nbsp;<\/b><\/p><p><span style=\"font-style: inherit; font-weight: inherit; color: var( --e-global-color-primary ); letter-spacing: 0.8px; text-align: var(--text-align); background-color: var( --e-global-color-52c14e9 );\">By phone: +33620904460<\/span><\/p>\n<p>By email:&nbsp;<a href=\"mailto:daria.malarde.fle@gmail.com\" data-auto-recognition=\"true\">daria.malarde.fle@gmail.com<\/a><\/p>\n<p>By post: 13 All\u00e9e du Coteau 56530 Qu\u00e9ven<\/p>\n<p><b>Personal data<\/b><\/p>\n<p>The processing of your personal data is governed by our Privacy Charter, available from the &#8220;Personal Data Protection Charter&#8221; section, in accordance with the General Data Protection Regulation 2016\/679 of April 27, 2016 (&#8220;GDPR&#8221;).<\/p>\t\t\t\t\t\t\t\t<\/div>\n\t\t\t\t\t<\/div>\n\t\t\t\t<\/div>\n\t\t\t\t<\/div>\n\t\t","protected":false},"excerpt":{"rendered":"<p>Legal notice In accordance with the provisions of Law No. 2004-575 of June 21, 2004, concerning confidence in the digital economy, users of the La French Zone website are informed of the identity of the various parties involved in its creation and monitoring. Site editing&nbsp; This site, accessible at the URL&nbsp;www.lafrenchzone.fr&nbsp;(the &#8220;Site&#8221;), is published by [&hellip;]<\/p>\n","protected":false},"author":1,"featured_media":0,"parent":0,"menu_order":0,"comment_status":"closed","ping_status":"open","template":"","meta":{"inline_featured_image":false,"_monsterinsights_skip_tracking":false,"_monsterinsights_sitenote_active":false,"_monsterinsights_sitenote_note":"","_monsterinsights_sitenote_category":0,"site-sidebar-layout":"default","site-content-layout":"","ast-site-content-layout":"default","site-content-style":"default","site-sidebar-style":"default","ast-global-header-display":"","ast-banner-title-visibility":"","ast-main-header-display":"","ast-hfb-above-header-display":"","ast-hfb-below-header-display":"","ast-hfb-mobile-header-display":"","site-post-title":"","ast-breadcrumbs-content":"","ast-featured-img":"","footer-sml-layout":"","ast-disable-related-posts":"","theme-transparent-header-meta":"","adv-header-id-meta":"","stick-header-meta":"","header-above-stick-meta":"","header-main-stick-meta":"","header-below-stick-meta":"","astra-migrate-meta-layouts":"default","ast-page-background-enabled":"default","ast-page-background-meta":{"desktop":{"background-color":"var(--ast-global-color-4)","background-image":"","background-repeat":"repeat","background-position":"center center","background-size":"auto","background-attachment":"scroll","background-type":"","background-media":"","overlay-type":"","overlay-color":"","overlay-opacity":"","overlay-gradient":""},"tablet":{"background-color":"","background-image":"","background-repeat":"repeat","background-position":"center center","background-size":"auto","background-attachment":"scroll","background-type":"","background-media":"","overlay-type":"","overlay-color":"","overlay-opacity":"","overlay-gradient":""},"mobile":{"background-color":"","background-image":"","background-repeat":"repeat","background-position":"center center","background-size":"auto","background-attachment":"scroll","background-type":"","background-media":"","overlay-type":"","overlay-color":"","overlay-opacity":"","overlay-gradient":""}},"ast-content-background-meta":{"desktop":{"background-color":"var(--ast-global-color-5)","background-image":"","background-repeat":"repeat","background-position":"center center","background-size":"auto","background-attachment":"scroll","background-type":"","background-media":"","overlay-type":"","overlay-color":"","overlay-opacity":"","overlay-gradient":""},"tablet":{"background-color":"var(--ast-global-color-5)","background-image":"","background-repeat":"repeat","background-position":"center center","background-size":"auto","background-attachment":"scroll","background-type":"","background-media":"","overlay-type":"","overlay-color":"","overlay-opacity":"","overlay-gradient":""},"mobile":{"background-color":"var(--ast-global-color-5)","background-image":"","background-repeat":"repeat","background-position":"center center","background-size":"auto","background-attachment":"scroll","background-type":"","background-media":"","overlay-type":"","overlay-color":"","overlay-opacity":"","overlay-gradient":""}},"_jf_limit_responses":"","footnotes":""},"class_list":["post-1643","page","type-page","status-publish","hentry"],"yoast_head":"<!-- This site is optimized with the Yoast SEO plugin v27.4 - https:\/\/yoast.com\/product\/yoast-seo-wordpress\/ -->\n<title>Legal notice<\/title>\n<meta name=\"robots\" content=\"noindex, follow\" \/>\n<meta property=\"og:locale\" content=\"en_US\" \/>\n<meta property=\"og:type\" content=\"article\" \/>\n<meta property=\"og:title\" content=\"Legal notice\" \/>\n<meta property=\"og:description\" content=\"Legal notice In accordance with the provisions of Law No. 2004-575 of June 21, 2004, concerning confidence in the digital economy, users of the La French Zone website are informed of the identity of the various parties involved in its creation and monitoring. Site editing&nbsp; This site, accessible at the URL&nbsp;www.lafrenchzone.fr&nbsp;(the &#8220;Site&#8221;), is published by [&hellip;]\" \/>\n<meta property=\"og:url\" content=\"https:\/\/lafrenchzone.com\/en\/legal-notice\/\" \/>\n<meta property=\"og:site_name\" content=\"La French Zone\" \/>\n<meta property=\"article:modified_time\" content=\"2023-11-23T00:45:04+00:00\" \/>\n<meta name=\"twitter:card\" content=\"summary_large_image\" \/>\n<meta name=\"twitter:label1\" content=\"Est. reading time\" \/>\n\t<meta name=\"twitter:data1\" content=\"1 minute\" \/>\n<script type=\"application\/ld+json\" class=\"yoast-schema-graph\">{\"@context\":\"https:\\\/\\\/schema.org\",\"@graph\":[{\"@type\":\"WebPage\",\"@id\":\"https:\\\/\\\/lafrenchzone.com\\\/en\\\/legal-notice\\\/\",\"url\":\"https:\\\/\\\/lafrenchzone.com\\\/en\\\/legal-notice\\\/\",\"name\":\"Legal notice\",\"isPartOf\":{\"@id\":\"https:\\\/\\\/lafrenchzone.com\\\/#website\"},\"datePublished\":\"2023-11-10T17:56:06+00:00\",\"dateModified\":\"2023-11-23T00:45:04+00:00\",\"breadcrumb\":{\"@id\":\"https:\\\/\\\/lafrenchzone.com\\\/en\\\/legal-notice\\\/#breadcrumb\"},\"inLanguage\":\"en-US\",\"potentialAction\":[{\"@type\":\"ReadAction\",\"target\":[\"https:\\\/\\\/lafrenchzone.com\\\/en\\\/legal-notice\\\/\"]}]},{\"@type\":\"BreadcrumbList\",\"@id\":\"https:\\\/\\\/lafrenchzone.com\\\/en\\\/legal-notice\\\/#breadcrumb\",\"itemListElement\":[{\"@type\":\"ListItem\",\"position\":1,\"name\":\"Accueil\",\"item\":\"https:\\\/\\\/lafrenchzone.com\\\/en\\\/online-french-courses\\\/\"},{\"@type\":\"ListItem\",\"position\":2,\"name\":\"Legal notice\"}]},{\"@type\":\"WebSite\",\"@id\":\"https:\\\/\\\/lafrenchzone.com\\\/#website\",\"url\":\"https:\\\/\\\/lafrenchzone.com\\\/\",\"name\":\"La Frenchzone\",\"description\":\"Des cours de fran\u00e7ais en ligne pour s\u2019\u00e9panouir et travailler en France.\",\"publisher\":{\"@id\":\"https:\\\/\\\/lafrenchzone.com\\\/#organization\"},\"potentialAction\":[{\"@type\":\"SearchAction\",\"target\":{\"@type\":\"EntryPoint\",\"urlTemplate\":\"https:\\\/\\\/lafrenchzone.com\\\/?s={search_term_string}\"},\"query-input\":{\"@type\":\"PropertyValueSpecification\",\"valueRequired\":true,\"valueName\":\"search_term_string\"}}],\"inLanguage\":\"en-US\"},{\"@type\":\"Organization\",\"@id\":\"https:\\\/\\\/lafrenchzone.com\\\/#organization\",\"name\":\"La Frenchzone\",\"url\":\"https:\\\/\\\/lafrenchzone.com\\\/\",\"logo\":{\"@type\":\"ImageObject\",\"inLanguage\":\"en-US\",\"@id\":\"https:\\\/\\\/lafrenchzone.com\\\/#\\\/schema\\\/logo\\\/image\\\/\",\"url\":\"https:\\\/\\\/lafrenchzone.com\\\/wp-content\\\/uploads\\\/2023\\\/11\\\/LOGO-TRANSPARENT-1-.png\",\"contentUrl\":\"https:\\\/\\\/lafrenchzone.com\\\/wp-content\\\/uploads\\\/2023\\\/11\\\/LOGO-TRANSPARENT-1-.png\",\"width\":818,\"height\":789,\"caption\":\"La Frenchzone\"},\"image\":{\"@id\":\"https:\\\/\\\/lafrenchzone.com\\\/#\\\/schema\\\/logo\\\/image\\\/\"}}]}<\/script>\n<!-- \/ Yoast SEO plugin. -->","yoast_head_json":{"title":"Legal notice","robots":{"index":"noindex","follow":"follow"},"og_locale":"en_US","og_type":"article","og_title":"Legal notice","og_description":"Legal notice In accordance with the provisions of Law No. 2004-575 of June 21, 2004, concerning confidence in the digital economy, users of the La French Zone website are informed of the identity of the various parties involved in its creation and monitoring. Site editing&nbsp; This site, accessible at the URL&nbsp;www.lafrenchzone.fr&nbsp;(the &#8220;Site&#8221;), is published by [&hellip;]","og_url":"https:\/\/lafrenchzone.com\/en\/legal-notice\/","og_site_name":"La French Zone","article_modified_time":"2023-11-23T00:45:04+00:00","twitter_card":"summary_large_image","twitter_misc":{"Est. reading time":"1 minute"},"schema":{"@context":"https:\/\/schema.org","@graph":[{"@type":"WebPage","@id":"https:\/\/lafrenchzone.com\/en\/legal-notice\/","url":"https:\/\/lafrenchzone.com\/en\/legal-notice\/","name":"Legal notice","isPartOf":{"@id":"https:\/\/lafrenchzone.com\/#website"},"datePublished":"2023-11-10T17:56:06+00:00","dateModified":"2023-11-23T00:45:04+00:00","breadcrumb":{"@id":"https:\/\/lafrenchzone.com\/en\/legal-notice\/#breadcrumb"},"inLanguage":"en-US","potentialAction":[{"@type":"ReadAction","target":["https:\/\/lafrenchzone.com\/en\/legal-notice\/"]}]},{"@type":"BreadcrumbList","@id":"https:\/\/lafrenchzone.com\/en\/legal-notice\/#breadcrumb","itemListElement":[{"@type":"ListItem","position":1,"name":"Accueil","item":"https:\/\/lafrenchzone.com\/en\/online-french-courses\/"},{"@type":"ListItem","position":2,"name":"Legal notice"}]},{"@type":"WebSite","@id":"https:\/\/lafrenchzone.com\/#website","url":"https:\/\/lafrenchzone.com\/","name":"La Frenchzone","description":"Des cours de fran\u00e7ais en ligne pour s\u2019\u00e9panouir et travailler en France.","publisher":{"@id":"https:\/\/lafrenchzone.com\/#organization"},"potentialAction":[{"@type":"SearchAction","target":{"@type":"EntryPoint","urlTemplate":"https:\/\/lafrenchzone.com\/?s={search_term_string}"},"query-input":{"@type":"PropertyValueSpecification","valueRequired":true,"valueName":"search_term_string"}}],"inLanguage":"en-US"},{"@type":"Organization","@id":"https:\/\/lafrenchzone.com\/#organization","name":"La Frenchzone","url":"https:\/\/lafrenchzone.com\/","logo":{"@type":"ImageObject","inLanguage":"en-US","@id":"https:\/\/lafrenchzone.com\/#\/schema\/logo\/image\/","url":"https:\/\/lafrenchzone.com\/wp-content\/uploads\/2023\/11\/LOGO-TRANSPARENT-1-.png","contentUrl":"https:\/\/lafrenchzone.com\/wp-content\/uploads\/2023\/11\/LOGO-TRANSPARENT-1-.png","width":818,"height":789,"caption":"La Frenchzone"},"image":{"@id":"https:\/\/lafrenchzone.com\/#\/schema\/logo\/image\/"}}]}},"_links":{"self":[{"href":"https:\/\/lafrenchzone.com\/en\/wp-json\/wp\/v2\/pages\/1643","targetHints":{"allow":["GET"]}}],"collection":[{"href":"https:\/\/lafrenchzone.com\/en\/wp-json\/wp\/v2\/pages"}],"about":[{"href":"https:\/\/lafrenchzone.com\/en\/wp-json\/wp\/v2\/types\/page"}],"author":[{"embeddable":true,"href":"https:\/\/lafrenchzone.com\/en\/wp-json\/wp\/v2\/users\/1"}],"replies":[{"embeddable":true,"href":"https:\/\/lafrenchzone.com\/en\/wp-json\/wp\/v2\/comments?post=1643"}],"version-history":[{"count":4,"href":"https:\/\/lafrenchzone.com\/en\/wp-json\/wp\/v2\/pages\/1643\/revisions"}],"predecessor-version":[{"id":1841,"href":"https:\/\/lafrenchzone.com\/en\/wp-json\/wp\/v2\/pages\/1643\/revisions\/1841"}],"wp:attachment":[{"href":"https:\/\/lafrenchzone.com\/en\/wp-json\/wp\/v2\/media?parent=1643"}],"curies":[{"name":"wp","href":"https:\/\/api.w.org\/{rel}","templated":true}]}}